{"id":6,"date":"2023-05-31T08:40:46","date_gmt":"2023-05-31T06:40:46","guid":{"rendered":"https:\/\/www.free-therapy.de\/?page_id=6"},"modified":"2023-06-07T08:59:59","modified_gmt":"2023-06-07T06:59:59","slug":"impressum","status":"publish","type":"page","link":"https:\/\/www.free-therapy.de\/en\/impressum\/","title":{"rendered":"Impressum"},"content":{"rendered":"<div data-elementor-type=\"wp-page\" data-elementor-id=\"6\" class=\"elementor elementor-6\">\n\t\t\t\t\t\t<section class=\"elementor-section elementor-top-section elementor-element elementor-element-ed3fe7e elementor-section-boxed elementor-section-height-default elementor-section-height-default\" data-id=\"ed3fe7e\" data-element_type=\"section\" data-e-type=\"section\">\n\t\t\t\t\t\t<div class=\"elementor-container elementor-column-gap-default\">\n\t\t\t\t\t<div class=\"elementor-column elementor-col-100 elementor-top-column elementor-element elementor-element-addea9d\" data-id=\"addea9d\" data-element_type=\"column\" data-e-type=\"column\">\n\t\t\t<div class=\"elementor-widget-wrap elementor-element-populated\">\n\t\t\t\t\t\t<div class=\"elementor-element elementor-element-d11a2f7 elementor-widget elementor-widget-text-editor\" data-id=\"d11a2f7\" data-element_type=\"widget\" data-e-type=\"widget\" data-widget_type=\"text-editor.default\">\n\t\t\t\t<div class=\"elementor-widget-container\">\n\t\t\t\t\t\t\t\t\t<p>Tobias Szuwart<br \/>Psychotherapeutische Praxis f\u00fcr Kinder, Jugendliche und Erwachsene<br \/>Egenolffstra\u00dfe 4a<br \/>60316 Frankfurt am Main<br \/>Deutschland<br \/><br \/>Tel.: 069 780 53 630<br \/>E-Mail: <span id=\"cloakf77610fc096a7b63b44145ac5f3b3208\"><a href=\"mailto:info@szuwart.de\">info@szuwart.de<\/a><\/span><br \/><br \/>Plattform der EU-Kommission zur Online-Streitbeilegung:\u00a0<a href=\"https:\/\/ec.europa.eu\/odr\" target=\"_blank\" rel=\"noopener\">https:\/\/ec.europa.eu\/odr<\/a><br \/><br \/>Wir sind zur Teilnahme an einem Streitbeilegungsverfahren vor einer Verbraucherschlichtungsstelle weder verpflichtet noch bereit.<br \/><br \/>Verantwortliche\/r i.S.d. \u00a7 18 Abs. 2 MStV:<br \/>Tobias Szuwart , , Egenolffstra\u00dfe 4a, , 60316 Frankfurt am Main<br \/><br \/>Praxis f\u00fcr Kinder, Jugendliche, junger Erwachsene und Elteren<br \/><br \/>Tiefenpsychologisch fundierte Kinder und Jugendpsychotherapie<br \/>Hilfe f\u00fcr Eltern und Bezugspersonen<br \/>Elternberatung<br \/>Psychotherapeutische Sprechstunde<br \/>kinderpsychologische Untersuchung, Testung und Diagnostik f\u00fcr Kinder von 5 bis 14 Jahre<br \/>jugendpsychologische Untersuchung, Testung und Diagnostik f\u00fcr Jugendliche und junge Erwachsene von 14 bis 21 Jahre<br \/>Abrechnungen privat und alle Kassen<br \/>Selbstzahler, Institutionen und Unternehmen<br \/><br \/>Beratung und Coaching<br \/>Clearing<br \/>Moderation<br \/>Krisenmanagement, Krisenintervention, &#8222;troubleshooting&#8220;<br \/>Trainings<br \/>Therapie nach methoden\u00fcbergerifend nach diversen wissenschaftlich anerkannten Ans\u00e4tzen u.a. Tiefenpsychologisch fundierte und aufdeckende Einzeltherapie<br \/>Berufsbezeichnungen<br \/><br \/>Approbation als Psychotherapeut<br \/>Kinder- und Jugendlichenpsychotherapeut verliehen durch das Hessisches Landespr\u00fcfungs- und Untersuchungsamt im Gesundheitswesen Frankfurt, Deutschland.<br \/>Diplom Sozialp\u00e4dagoge (FH-Frankfurt)<br \/><br \/>Zust\u00e4ndige Kammer f\u00fcr Psychotherapeuten als Aufsichtsbeh\u00f6rde<br \/><br \/>Landeskammer f\u00fcr Psychologische Psychotherapeutinnen und -therapeuten und Kinder- und Jugendlichenpsychotherapeutinnen und -therapeuten in Hessen (LPPKJP-Hessen)<br \/><br \/>Frankfurter Strasse 8 &#8211; 65189 Wiesbaden &#8211; Tel: 0611 &#8211; 53 168 0 &#8211; Fax: 0611 &#8211; 53 168 29 &#8211; www.ptk-hessen.de<br \/><br \/>Zust\u00e4ndige Kassen\u00e4rztliche Vereinigung Hessen &#8211; Frankfurt am Main<br \/><br \/>Kassen\u00e4rztliche Vereinigung Hessen &#8211; Europa-Allee 90 in 60486 Frankfurt am Main &#8211; Tel: 069 247417777 &#8211; Fax: 069 2474168826 &#8211; www.kvhessen.de (Psychotherapeutensuche hier\u00fcber m\u00f6glich!)<br \/><br \/>Regierungspr\u00e4sidium Darmstadt<br \/><br \/>www.rp-darmstadt.hessen.de<br \/><br \/>Berufsrechtliche Regelungen f\u00fcr Psychotherapeuten<br \/><br \/>Berufsordnung der Landespsychotherapeutenkammer Hessen &#8211; Aktuelle Fassungen auf\u00a0<a href=\"https:\/\/lppkjp.de\/recht\/ordnungen\/\" target=\"_blank\" rel=\"noopener\">https:\/\/lppkjp.de\/recht\/ordnungen\/<\/a><\/p>\t\t\t\t\t\t\t\t<\/div>\n\t\t\t\t<\/div>\n\t\t\t\t\t<\/div>\n\t\t<\/div>\n\t\t\t\t\t<\/div>\n\t\t<\/section>\n\t\t\t\t<\/div>","protected":false},"excerpt":{"rendered":"<p>Tobias SzuwartPsychotherapeutische Praxis f\u00fcr Kinder, Jugendliche und ErwachseneEgenolffstra\u00dfe 4a60316 Frankfurt am MainDeutschland Tel.: 069 780 53 630E-Mail: info@szuwart.de Plattform der EU-Kommission zur Online-Streitbeilegung:\u00a0https:\/\/ec.europa.eu\/odr Wir sind zur Teilnahme an einem Streitbeilegungsverfahren vor einer Verbraucherschlichtungsstelle weder verpflichtet noch bereit. Verantwortliche\/r i.S.d. \u00a7 18 Abs. 2 MStV:Tobias Szuwart , , Egenolffstra\u00dfe 4a, , 60316 Frankfurt am Main Praxis [&hellip;]<\/p>\n","protected":false},"author":1,"featured_media":0,"parent":0,"menu_order":0,"comment_status":"closed","ping_status":"closed","template":"","meta":{"footnotes":""},"class_list":["post-6","page","type-page","status-publish","hentry"],"_links":{"self":[{"href":"https:\/\/www.free-therapy.de\/en\/wp-json\/wp\/v2\/pages\/6","targetHints":{"allow":["GET"]}}],"collection":[{"href":"https:\/\/www.free-therapy.de\/en\/wp-json\/wp\/v2\/pages"}],"about":[{"href":"https:\/\/www.free-therapy.de\/en\/wp-json\/wp\/v2\/types\/page"}],"author":[{"embeddable":true,"href":"https:\/\/www.free-therapy.de\/en\/wp-json\/wp\/v2\/users\/1"}],"replies":[{"embeddable":true,"href":"https:\/\/www.free-therapy.de\/en\/wp-json\/wp\/v2\/comments?post=6"}],"version-history":[{"count":7,"href":"https:\/\/www.free-therapy.de\/en\/wp-json\/wp\/v2\/pages\/6\/revisions"}],"predecessor-version":[{"id":130,"href":"https:\/\/www.free-therapy.de\/en\/wp-json\/wp\/v2\/pages\/6\/revisions\/130"}],"wp:attachment":[{"href":"https:\/\/www.free-therapy.de\/en\/wp-json\/wp\/v2\/media?parent=6"}],"curies":[{"name":"wp","href":"https:\/\/api.w.org\/{rel}","templated":true}]}}