{"id":10,"date":"2023-05-31T08:44:09","date_gmt":"2023-05-31T06:44:09","guid":{"rendered":"https:\/\/www.free-therapy.de\/?page_id=10"},"modified":"2023-06-07T09:09:37","modified_gmt":"2023-06-07T07:09:37","slug":"erfolgreiche-therapieplatzsuche","status":"publish","type":"page","link":"https:\/\/www.free-therapy.de\/en\/","title":{"rendered":"Free Therapy Spendenaufruf"},"content":{"rendered":"\t\t<div data-elementor-type=\"wp-page\" data-elementor-id=\"10\" class=\"elementor elementor-10\">\n\t\t\t\t\t\t<section class=\"elementor-section elementor-top-section elementor-element elementor-element-a5f7697 elementor-section-boxed elementor-section-height-default elementor-section-height-default\" data-id=\"a5f7697\" data-element_type=\"section\" data-e-type=\"section\" data-settings=\"{&quot;background_background&quot;:&quot;classic&quot;}\">\n\t\t\t\t\t\t<div class=\"elementor-container elementor-column-gap-default\">\n\t\t\t\t\t<div class=\"elementor-column elementor-col-25 elementor-top-column elementor-element elementor-element-4afddbb\" data-id=\"4afddbb\" data-element_type=\"column\" data-e-type=\"column\">\n\t\t\t<div class=\"elementor-widget-wrap\">\n\t\t\t\t\t\t\t<\/div>\n\t\t<\/div>\n\t\t\t\t<div class=\"elementor-column elementor-col-50 elementor-top-column elementor-element elementor-element-7661013\" data-id=\"7661013\" data-element_type=\"column\" data-e-type=\"column\">\n\t\t\t<div class=\"elementor-widget-wrap elementor-element-populated\">\n\t\t\t\t\t\t<div class=\"elementor-element elementor-element-676101b elementor-widget elementor-widget-text-editor\" data-id=\"676101b\" data-element_type=\"widget\" data-e-type=\"widget\" data-widget_type=\"text-editor.default\">\n\t\t\t\t<div class=\"elementor-widget-container\">\n\t\t\t\t\t\t\t\t\t<p>\u00a0 <\/p>\t\t\t\t\t\t\t\t<\/div>\n\t\t\t\t<\/div>\n\t\t\t\t\t<\/div>\n\t\t<\/div>\n\t\t\t\t<div class=\"elementor-column elementor-col-25 elementor-top-column elementor-element elementor-element-9760285\" data-id=\"9760285\" data-element_type=\"column\" data-e-type=\"column\">\n\t\t\t<div class=\"elementor-widget-wrap\">\n\t\t\t\t\t\t\t<\/div>\n\t\t<\/div>\n\t\t\t\t\t<\/div>\n\t\t<\/section>\n\t\t\t\t<section class=\"elementor-section elementor-top-section elementor-element elementor-element-d3d8fa8 elementor-section-boxed elementor-section-height-default elementor-section-height-default\" data-id=\"d3d8fa8\" data-element_type=\"section\" data-e-type=\"section\" data-settings=\"{&quot;background_background&quot;:&quot;classic&quot;}\">\n\t\t\t\t\t\t<div class=\"elementor-container elementor-column-gap-default\">\n\t\t\t\t\t<div class=\"elementor-column elementor-col-25 elementor-top-column elementor-element elementor-element-21dd562\" data-id=\"21dd562\" data-element_type=\"column\" data-e-type=\"column\">\n\t\t\t<div class=\"elementor-widget-wrap\">\n\t\t\t\t\t\t\t<\/div>\n\t\t<\/div>\n\t\t\t\t<div class=\"elementor-column elementor-col-50 elementor-top-column elementor-element elementor-element-3ee69da\" data-id=\"3ee69da\" data-element_type=\"column\" data-e-type=\"column\">\n\t\t\t<div class=\"elementor-widget-wrap elementor-element-populated\">\n\t\t\t\t\t\t<div class=\"elementor-element elementor-element-7321b19 elementor-widget elementor-widget-heading\" data-id=\"7321b19\" data-element_type=\"widget\" data-e-type=\"widget\" data-widget_type=\"heading.default\">\n\t\t\t\t<div class=\"elementor-widget-container\">\n\t\t\t\t\t<h1 class=\"elementor-heading-title elementor-size-default\">Free Therapy<\/h1>\t\t\t\t<\/div>\n\t\t\t\t<\/div>\n\t\t\t\t<div class=\"elementor-element elementor-element-2e355f1 elementor-widget elementor-widget-text-editor\" data-id=\"2e355f1\" data-element_type=\"widget\" data-e-type=\"widget\" data-widget_type=\"text-editor.default\">\n\t\t\t\t<div class=\"elementor-widget-container\">\n\t\t\t\t\t\t\t\t\t<h3><strong>Spendenaufruf<\/strong><\/h3>\t\t\t\t\t\t\t\t<\/div>\n\t\t\t\t<\/div>\n\t\t\t\t\t<\/div>\n\t\t<\/div>\n\t\t\t\t<div class=\"elementor-column elementor-col-25 elementor-top-column elementor-element elementor-element-525f936\" data-id=\"525f936\" data-element_type=\"column\" data-e-type=\"column\">\n\t\t\t<div class=\"elementor-widget-wrap\">\n\t\t\t\t\t\t\t<\/div>\n\t\t<\/div>\n\t\t\t\t\t<\/div>\n\t\t<\/section>\n\t\t\t\t<section class=\"elementor-section elementor-top-section elementor-element elementor-element-f48dffc elementor-section-boxed elementor-section-height-default elementor-section-height-default\" data-id=\"f48dffc\" data-element_type=\"section\" data-e-type=\"section\">\n\t\t\t\t\t\t<div class=\"elementor-container elementor-column-gap-default\">\n\t\t\t\t\t<div class=\"elementor-column elementor-col-25 elementor-top-column elementor-element elementor-element-2673190\" data-id=\"2673190\" data-element_type=\"column\" data-e-type=\"column\">\n\t\t\t<div class=\"elementor-widget-wrap\">\n\t\t\t\t\t\t\t<\/div>\n\t\t<\/div>\n\t\t\t\t<div class=\"elementor-column elementor-col-50 elementor-top-column elementor-element elementor-element-14a05e4\" data-id=\"14a05e4\" data-element_type=\"column\" data-e-type=\"column\">\n\t\t\t<div class=\"elementor-widget-wrap elementor-element-populated\">\n\t\t\t\t\t\t<div class=\"elementor-element elementor-element-d863b66 elementor-widget__width-inherit elementor-widget-tablet__width-inherit elementor-widget-mobile__width-inherit elementor-fixed elementor-widget elementor-widget-html\" data-id=\"d863b66\" data-element_type=\"widget\" data-e-type=\"widget\" data-settings=\"{&quot;_position&quot;:&quot;fixed&quot;}\" data-widget_type=\"html.default\">\n\t\t\t\t<div class=\"elementor-widget-container\">\n\t\t\t\t\t\n<form action=\"https:\/\/www.paypal.com\/donate\" method=\"post\" target=\"_top\">\n<input type=\"hidden\" name=\"hosted_button_id\" value=\"RGW4JRSU64EU8\" \/>\n<input style=\u201cdisplay: block; margin: 0 auto;\u201c type=\"image\" src=\"https:\/\/www.paypalobjects.com\/de_DE\/DE\/i\/btn\/btn_donateCC_LG.gif\" border=\"0\" name=\"submit\" title=\"PayPal - The safer, easier way to pay online!\" alt=\"Spenden mit dem PayPal-Button\" \/>\n<img decoding=\"async\" alt=\"\" border=\"0\" src=\"https:\/\/www.paypal.com\/de_DE\/i\/scr\/pixel.gif\" width=\"1\" height=\"1\" \/>\n<\/form>\t\t\t\t<\/div>\n\t\t\t\t<\/div>\n\t\t\t\t<div class=\"elementor-element elementor-element-23086f0 elementor-widget elementor-widget-text-editor\" data-id=\"23086f0\" data-element_type=\"widget\" data-e-type=\"widget\" data-widget_type=\"text-editor.default\">\n\t\t\t\t<div class=\"elementor-widget-container\">\n\t\t\t\t\t\t\t\t\t<p><strong>Szuwart Psychotherapie<\/strong><\/p><p><strong>IBAN: DE76 5005 0201 1200 3724 15<\/strong><\/p><p><strong>BIC: HELADEF1822<\/strong><\/p><p><strong>Frankfurter Sparkasse<\/strong><\/p>\t\t\t\t\t\t\t\t<\/div>\n\t\t\t\t<\/div>\n\t\t\t\t<div class=\"elementor-element elementor-element-997de76 elementor-widget elementor-widget-text-editor\" data-id=\"997de76\" data-element_type=\"widget\" data-e-type=\"widget\" data-widget_type=\"text-editor.default\">\n\t\t\t\t<div class=\"elementor-widget-container\">\n\t\t\t\t\t\t\t\t\t<p>Leider gibt es viel zu wenige Psychotherapiepl\u00e4tze. Seit Jahren orientieren sich immer mehr Therapien ausschlie\u00dflich am klinischen Ansatz. Sie behandeln nur noch St\u00f6rungen und Symptome. Der Mensch tritt dabei v\u00f6llig in den Hintergrund. Die M\u00f6glichkeiten zur Pers\u00f6nlichkeitsentwicklung oder zur Menschwerdung werden dabei leider immer weniger.<\/p>\n<p>Hilf deshalb mit deiner Spende, die F\u00f6rderung ganzheitlicher Pers\u00f6nlichkeitsentwicklung und psychologischer Selbsthilfe zu unterst\u00fctzen \u2013 via YouTube und hoffentlich auch im echten Leben:) Dabei steht im Fokus, dass daf\u00fcr keine diagnostizierte psychische St\u00f6rung vorliegen muss und Stigmatisierung und Vorurteile abgebaut werden sollen.<\/p>\n<p>Ich stelle gerne meine Expertise als approbierter Psychotherapeut und meine Zeit zur Verf\u00fcgung. Wenn du den Kanal unterst\u00fctzen m\u00f6chtest, helfen bereits kleine Betr\u00e4ge, schon ab einem Euro und gerne auch mehr, um den Kanal weiterzuentwickeln.<\/p>\t\t\t\t\t\t\t\t<\/div>\n\t\t\t\t<\/div>\n\t\t\t\t<div class=\"elementor-element elementor-element-e0a2497 elementor-widget elementor-widget-video\" data-id=\"e0a2497\" data-element_type=\"widget\" data-e-type=\"widget\" data-settings=\"{&quot;youtube_url&quot;:&quot;https:\\\/\\\/youtu.be\\\/LJtxUebZny4&quot;,&quot;video_type&quot;:&quot;youtube&quot;,&quot;controls&quot;:&quot;yes&quot;}\" data-widget_type=\"video.default\">\n\t\t\t\t<div class=\"elementor-widget-container\">\n\t\t\t\t\t\t\t<div class=\"elementor-wrapper elementor-open-inline\">\n\t\t\t<div class=\"elementor-video\"><\/div>\t\t<\/div>\n\t\t\t\t\t\t<\/div>\n\t\t\t\t<\/div>\n\t\t\t\t\t<\/div>\n\t\t<\/div>\n\t\t\t\t<div class=\"elementor-column elementor-col-25 elementor-top-column elementor-element elementor-element-ca8c9e4\" data-id=\"ca8c9e4\" data-element_type=\"column\" data-e-type=\"column\">\n\t\t\t<div class=\"elementor-widget-wrap\">\n\t\t\t\t\t\t\t<\/div>\n\t\t<\/div>\n\t\t\t\t\t<\/div>\n\t\t<\/section>\n\t\t\t\t<section class=\"elementor-section elementor-top-section elementor-element elementor-element-91e6c72 elementor-section-boxed elementor-section-height-default elementor-section-height-default\" data-id=\"91e6c72\" data-element_type=\"section\" data-e-type=\"section\">\n\t\t\t\t\t\t<div class=\"elementor-container elementor-column-gap-default\">\n\t\t\t\t\t<div class=\"elementor-column elementor-col-25 elementor-top-column elementor-element elementor-element-5efee14\" data-id=\"5efee14\" data-element_type=\"column\" data-e-type=\"column\">\n\t\t\t<div class=\"elementor-widget-wrap\">\n\t\t\t\t\t\t\t<\/div>\n\t\t<\/div>\n\t\t\t\t<div class=\"elementor-column elementor-col-50 elementor-top-column elementor-element elementor-element-8714ea9\" data-id=\"8714ea9\" data-element_type=\"column\" data-e-type=\"column\">\n\t\t\t<div class=\"elementor-widget-wrap elementor-element-populated\">\n\t\t\t\t\t\t<div class=\"elementor-element elementor-element-ab4899c elementor-widget elementor-widget-text-editor\" data-id=\"ab4899c\" data-element_type=\"widget\" data-e-type=\"widget\" data-widget_type=\"text-editor.default\">\n\t\t\t\t<div class=\"elementor-widget-container\">\n\t\t\t\t\t\t\t\t\t<p><strong>Was wurde bisher ohne Spenden schon effektiv realisiert?<\/strong><\/p>\t\t\t\t\t\t\t\t<\/div>\n\t\t\t\t<\/div>\n\t\t\t\t<div class=\"elementor-element elementor-element-5f099a4 elementor-widget elementor-widget-text-editor\" data-id=\"5f099a4\" data-element_type=\"widget\" data-e-type=\"widget\" data-widget_type=\"text-editor.default\">\n\t\t\t\t<div class=\"elementor-widget-container\">\n\t\t\t\t\t\t\t\t\t<p><strong><span style=\"text-decoration: underline;\"><a href=\"https:\/\/www.psychotherapie-faq.de\/\">Psychotherapie-FAQ.de<\/a><\/span> <\/strong>unterst\u00fctzt seit 2018 Patienten, Angeh\u00f6rige und Fachpersonal. Die wirklich umfangreiche Plattform liefert kostenlos Informationen und Erkl\u00e4rungen rund um das Thema Psychotherapie und alles, was damit zusammenh\u00e4ngt. Sie erkl\u00e4rt in einfacher Sprache Rahmenbedingungen, Abl\u00e4ufe und Begriffe. Es wird mit Vorurteilen aufger\u00e4umt und \u00fcber Patientenrechte sowie alternative Hilfsangebote aufgekl\u00e4rt. In 2022 hatte die FAQ-Seite laut AWStats 1.747.840 Zugriffe!<\/p><p><b><a href=\"https:\/\/www.hilfeabc.de\/\"><span style=\"text-decoration: underline;\">HilfeABC.de<\/span><\/a> <\/b>hilft Menschen schnell und effektiv bei der Therapieplatzsuche. Neben n\u00fctzlichen Tipps zur Suche werden hier bundesweite und vor allem vollst\u00e4ndige Listen aller Psychotherapeuten zur Verf\u00fcgung gestellt, die mit den gesetzlichen Krankenkassen abrechnen d\u00fcrfen. Das ist viel einfacher und schneller als mit Google, da tats\u00e4chlich nicht alle Therapeuten Internetseiten haben. HilfeABC.de wird seit Anfang 2020 w\u00f6chentlich mehrfach an Kollegen, Patienten und bei Anfragen weitergegeben. Das Feedback darauf ist ebenfalls sehr positiv.<\/p><p><span style=\"text-decoration: underline;\"><a href=\"https:\/\/www.psychotherapeut-frankfurt-main.de\/\"><b>szuwart.de<\/b><\/a><\/span> die Homepage meiner Praxis beinhaltet reichhaltige Fachinformation und Aufkl\u00e4rungstexte rund um das Thema Psychotherapie. Auch dieses Angebot wird gut und regelm\u00e4ssig\u00a0 angenommen \u2013 Suche zum Beispiel bei Google nach &#8222;Kinderpsychologe&#8220; oder &#8222;Konsiliarbericht&#8220;. Entsprechend gab es deswegen bereits Interviews, unter anderem auf ZDF und Welt.de.<\/p>\t\t\t\t\t\t\t\t<\/div>\n\t\t\t\t<\/div>\n\t\t\t\t\t<\/div>\n\t\t<\/div>\n\t\t\t\t<div class=\"elementor-column elementor-col-25 elementor-top-column elementor-element elementor-element-f191e8c\" data-id=\"f191e8c\" data-element_type=\"column\" data-e-type=\"column\">\n\t\t\t<div class=\"elementor-widget-wrap\">\n\t\t\t\t\t\t\t<\/div>\n\t\t<\/div>\n\t\t\t\t\t<\/div>\n\t\t<\/section>\n\t\t\t\t<section class=\"elementor-section elementor-top-section elementor-element elementor-element-61248d9 elementor-section-boxed elementor-section-height-default elementor-section-height-default\" data-id=\"61248d9\" data-element_type=\"section\" data-e-type=\"section\">\n\t\t\t\t\t\t<div class=\"elementor-container elementor-column-gap-default\">\n\t\t\t\t\t<div class=\"elementor-column elementor-col-25 elementor-top-column elementor-element elementor-element-d942029\" data-id=\"d942029\" data-element_type=\"column\" data-e-type=\"column\">\n\t\t\t<div class=\"elementor-widget-wrap\">\n\t\t\t\t\t\t\t<\/div>\n\t\t<\/div>\n\t\t\t\t<div class=\"elementor-column elementor-col-50 elementor-top-column elementor-element elementor-element-20d5c5a\" data-id=\"20d5c5a\" data-element_type=\"column\" data-e-type=\"column\">\n\t\t\t<div class=\"elementor-widget-wrap elementor-element-populated\">\n\t\t\t\t\t\t<div class=\"elementor-element elementor-element-98e1fd7 elementor-widget elementor-widget-text-editor\" data-id=\"98e1fd7\" data-element_type=\"widget\" data-e-type=\"widget\" data-widget_type=\"text-editor.default\">\n\t\t\t\t<div class=\"elementor-widget-container\">\n\t\t\t\t\t\t\t\t\t<h3><strong>Wof\u00fcr werden die Spenden eingesetzt?<\/strong><\/h3>\t\t\t\t\t\t\t\t<\/div>\n\t\t\t\t<\/div>\n\t\t\t\t<div class=\"elementor-element elementor-element-27c87bb elementor-widget elementor-widget-text-editor\" data-id=\"27c87bb\" data-element_type=\"widget\" data-e-type=\"widget\" data-widget_type=\"text-editor.default\">\n\t\t\t\t<div class=\"elementor-widget-container\">\n\t\t\t\t\t\t\t\t\t<p>Die Weiterf\u00fchrung der Idee, vor allem Patienten und anderen betroffenen Menschen kostenlos qualitativ gut aufbereitete Informationen zur Verf\u00fcgung zu stellen, f\u00fchrt nun unausweichlich zu YouTube.<\/p><p>Um Filme f\u00fcr einen YouTube-Kanal auf einem guten Niveau zu produzieren, ist mehr erforderlich, als man vielleicht denkt: Kamera, ausreichend gute Mikrofone, Lichttechnik und dazu geh\u00f6rige Stative erfordern h\u00f6here Investitionen. Selbst wenn man bem\u00fcht ist, die Kosten gering zu halten, kommt hier leider einiges zusammen. Hinzu kommen Kosten f\u00fcr eingekaufte Dienstleistungen, z.B. von Programmierern, ben\u00f6tigte Grafiken, Bilder, Hostings, Programm-Lizenzen, Werbekampagnen und Geb\u00fchren, die immer wieder anfallen. Auch \u00dcbersetzungen in andere Sprachen sind geplant, um Menschen mit Migrations- oder Fluchterfahrungen den Zugang zu dringend ben\u00f6tigten Hilfen zu erm\u00f6glichen.<\/p><p>Bei Anregungen, Fragen, Kritik, Verbesserungsvorschl\u00e4gen, Ideen und W\u00fcnschen schreibe gerne eine E-Mail an <a href=\"mailto:tobias@szuwart.de\" target=\"_new\"><strong>tobias@szuwart.de<\/strong><\/a><\/p><p>Vielen Dank.<\/p>\t\t\t\t\t\t\t\t<\/div>\n\t\t\t\t<\/div>\n\t\t\t\t<div class=\"elementor-element elementor-element-7ecbd72 elementor-widget elementor-widget-text-editor\" data-id=\"7ecbd72\" data-element_type=\"widget\" data-e-type=\"widget\" data-widget_type=\"text-editor.default\">\n\t\t\t\t<div class=\"elementor-widget-container\">\n\t\t\t\t\t\t\t\t\t<p>Bitte spenden an<\/p>\t\t\t\t\t\t\t\t<\/div>\n\t\t\t\t<\/div>\n\t\t\t\t<div class=\"elementor-element elementor-element-c0d4896 elementor-widget elementor-widget-text-editor\" data-id=\"c0d4896\" data-element_type=\"widget\" data-e-type=\"widget\" data-widget_type=\"text-editor.default\">\n\t\t\t\t<div class=\"elementor-widget-container\">\n\t\t\t\t\t\t\t\t\t<p><strong>Szuwart Psychotherapie<br \/><\/strong><\/p><p><strong>IBAN: DE76 5005 0201 1200 3724 15<\/strong><\/p><p><strong>BIC: HELADEF1822<\/strong><\/p><p><strong>Frankfurter Sparkasse<\/strong><\/p><p>\u00a0<\/p>\t\t\t\t\t\t\t\t<\/div>\n\t\t\t\t<\/div>\n\t\t\t\t\t<\/div>\n\t\t<\/div>\n\t\t\t\t<div class=\"elementor-column elementor-col-25 elementor-top-column elementor-element elementor-element-4b962f1\" data-id=\"4b962f1\" data-element_type=\"column\" data-e-type=\"column\">\n\t\t\t<div class=\"elementor-widget-wrap\">\n\t\t\t\t\t\t\t<\/div>\n\t\t<\/div>\n\t\t\t\t\t<\/div>\n\t\t<\/section>\n\t\t\t\t<section class=\"elementor-section elementor-top-section elementor-element elementor-element-6d0b4ae elementor-section-boxed elementor-section-height-default elementor-section-height-default\" data-id=\"6d0b4ae\" data-element_type=\"section\" data-e-type=\"section\">\n\t\t\t\t\t\t<div class=\"elementor-container elementor-column-gap-default\">\n\t\t\t\t\t<div class=\"elementor-column elementor-col-25 elementor-top-column elementor-element elementor-element-65fd0ae\" data-id=\"65fd0ae\" data-element_type=\"column\" data-e-type=\"column\">\n\t\t\t<div class=\"elementor-widget-wrap\">\n\t\t\t\t\t\t\t<\/div>\n\t\t<\/div>\n\t\t\t\t<div class=\"elementor-column elementor-col-50 elementor-top-column elementor-element elementor-element-c21181f\" data-id=\"c21181f\" data-element_type=\"column\" data-e-type=\"column\">\n\t\t\t<div class=\"elementor-widget-wrap elementor-element-populated\">\n\t\t\t\t\t\t<div class=\"elementor-element elementor-element-6b5882e elementor-widget elementor-widget-text-editor\" data-id=\"6b5882e\" data-element_type=\"widget\" data-e-type=\"widget\" data-widget_type=\"text-editor.default\">\n\t\t\t\t<div class=\"elementor-widget-container\">\n\t\t\t\t\t\t\t\t\t<h3><strong>Zur Person<\/strong><\/h3>\t\t\t\t\t\t\t\t<\/div>\n\t\t\t\t<\/div>\n\t\t\t\t<div class=\"elementor-element elementor-element-1dadb8d elementor-widget elementor-widget-image\" data-id=\"1dadb8d\" data-element_type=\"widget\" data-e-type=\"widget\" data-widget_type=\"image.default\">\n\t\t\t\t<div class=\"elementor-widget-container\">\n\t\t\t\t\t\t\t\t\t\t\t\t\t\t\t<img fetchpriority=\"high\" decoding=\"async\" width=\"800\" height=\"260\" src=\"https:\/\/www.free-therapy.de\/wp-content\/uploads\/2023\/06\/Business-Coach-Trainer-1-1024x333.png\" class=\"attachment-large size-large wp-image-40\" alt=\"\" srcset=\"https:\/\/www.free-therapy.de\/wp-content\/uploads\/2023\/06\/Business-Coach-Trainer-1-1024x333.png 1024w, https:\/\/www.free-therapy.de\/wp-content\/uploads\/2023\/06\/Business-Coach-Trainer-1-300x98.png 300w, https:\/\/www.free-therapy.de\/wp-content\/uploads\/2023\/06\/Business-Coach-Trainer-1-768x250.png 768w, https:\/\/www.free-therapy.de\/wp-content\/uploads\/2023\/06\/Business-Coach-Trainer-1-1536x500.png 1536w, https:\/\/www.free-therapy.de\/wp-content\/uploads\/2023\/06\/Business-Coach-Trainer-1-18x6.png 18w, https:\/\/www.free-therapy.de\/wp-content\/uploads\/2023\/06\/Business-Coach-Trainer-1.png 1998w\" sizes=\"(max-width: 800px) 100vw, 800px\" \/>\t\t\t\t\t\t\t\t\t\t\t\t\t\t\t<\/div>\n\t\t\t\t<\/div>\n\t\t\t\t<div class=\"elementor-element elementor-element-e10c1bb elementor-widget elementor-widget-text-editor\" data-id=\"e10c1bb\" data-element_type=\"widget\" data-e-type=\"widget\" data-widget_type=\"text-editor.default\">\n\t\t\t\t<div class=\"elementor-widget-container\">\n\t\t\t\t\t\t\t\t\t<div class=\"flex flex-grow flex-col gap-3\"><div class=\"min-h-[20px] flex flex-col items-start gap-4 whitespace-pre-wrap break-words\"><div class=\"markdown prose w-full break-words dark:prose-invert light\"><p>Mein Name ist Tobias Szuwart. Als approbierter Psychotherapeut und Gruppentherapeut habe ich seit 2018 eine Praxis im Frankfurter Nordend.<\/p><p>Das Studium der Tiefenpsychologie und eine Ausbildung zum Kinder- &amp; Jugendlichenpsychotherapeuten absolvierte ich an der Wiesbadener Akademie f\u00fcr Psychotherapie (WiAP).<\/p><p>Ich habe viele Jahre in Psychiatrien, Gef\u00e4ngnissen, Schuldnerberatungsstellen, in der Suchthilfe und in Jugend\u00e4mtern gearbeitet und zu Wirksamkeitsstudien \u00fcber die tiefenpsychologischen Psychotherapieans\u00e4tze beigetragen.<\/p><p>Au\u00dferdem verf\u00fcge ich \u00fcber verschiedene Fortbildungen in systemischen und alternativen Therapieverfahren sowie unterschiedlichen Methoden zur Pers\u00f6nlichkeitsentwicklung. Dabei habe ich selbst auch eine Psychoanalyse von mehreren hundert Stunden gemacht.<\/p><p>Meine Kompetenzen in den Bereichen Kommunikation, Beratung und Krisenintervention wurden f\u00fcr Management- und Personaltrainings in Unternehmen und \u00f6ffentlichen Dienststellen wie dem Hessischen Justizministerium und der Universit\u00e4t Frankfurt am Main f\u00fcr Schnittstellenmanagement, Organisations- und Strukturentwicklung angefordert.<\/p><p>Mit der Zulassung zum Vertragspsychotherapeuten der Kassen\u00e4rztlichen Vereinigung bin ich im Arztregister eingetragen. Damit bin ich berechtigt, mit allen privaten Krankenversicherungen und gesetzlichen Krankenkassen abzurechnen. Weiterhin bin ich Mitglied der Hessischen Psychotherapeutenkammer sowie der Deutschen Psychotherapeuten Vereinigung.<\/p><\/div><\/div><\/div>\t\t\t\t\t\t\t\t<\/div>\n\t\t\t\t<\/div>\n\t\t\t\t<div class=\"elementor-element elementor-element-a8924cd elementor-widget elementor-widget-text-editor\" data-id=\"a8924cd\" data-element_type=\"widget\" data-e-type=\"widget\" data-widget_type=\"text-editor.default\">\n\t\t\t\t<div class=\"elementor-widget-container\">\n\t\t\t\t\t\t\t\t\t<p>Bitte spenden an<\/p>\t\t\t\t\t\t\t\t<\/div>\n\t\t\t\t<\/div>\n\t\t\t\t<div class=\"elementor-element elementor-element-56d3cdb elementor-widget elementor-widget-text-editor\" data-id=\"56d3cdb\" data-element_type=\"widget\" data-e-type=\"widget\" data-widget_type=\"text-editor.default\">\n\t\t\t\t<div class=\"elementor-widget-container\">\n\t\t\t\t\t\t\t\t\t<p><strong>Szuwart Psychotherapie<br \/><\/strong><\/p><p><strong>IBAN: DE76 5005 0201 1200 3724 15<\/strong><\/p><p><strong>BIC: HELADEF1822<\/strong><\/p><p><strong>Frankfurter Sparkasse<\/strong><\/p><p>\u00a0<\/p>\t\t\t\t\t\t\t\t<\/div>\n\t\t\t\t<\/div>\n\t\t\t\t\t<\/div>\n\t\t<\/div>\n\t\t\t\t<div class=\"elementor-column elementor-col-25 elementor-top-column elementor-element elementor-element-4f33aec\" data-id=\"4f33aec\" data-element_type=\"column\" data-e-type=\"column\">\n\t\t\t<div class=\"elementor-widget-wrap\">\n\t\t\t\t\t\t\t<\/div>\n\t\t<\/div>\n\t\t\t\t\t<\/div>\n\t\t<\/section>\n\t\t\t\t<section class=\"elementor-section elementor-top-section elementor-element elementor-element-5935c99 elementor-section-boxed elementor-section-height-default elementor-section-height-default\" data-id=\"5935c99\" data-element_type=\"section\" data-e-type=\"section\">\n\t\t\t\t\t\t<div class=\"elementor-container elementor-column-gap-default\">\n\t\t\t\t\t<div class=\"elementor-column elementor-col-100 elementor-top-column elementor-element elementor-element-52dcf66\" data-id=\"52dcf66\" data-element_type=\"column\" data-e-type=\"column\">\n\t\t\t<div class=\"elementor-widget-wrap elementor-element-populated\">\n\t\t\t\t\t\t<div class=\"elementor-element elementor-element-33926e2 elementor-widget elementor-widget-text-editor\" data-id=\"33926e2\" data-element_type=\"widget\" data-e-type=\"widget\" data-widget_type=\"text-editor.default\">\n\t\t\t\t<div class=\"elementor-widget-container\">\n\t\t\t\t\t\t\t\t\t<p><a href=\"https:\/\/www.free-therapy.de\/impressum\/\">Impressum<\/a><br \/><a href=\"https:\/\/www.free-therapy.de\/datenschutz\/\">Datenschutz<\/a><\/p>\t\t\t\t\t\t\t\t<\/div>\n\t\t\t\t<\/div>\n\t\t\t\t\t<\/div>\n\t\t<\/div>\n\t\t\t\t\t<\/div>\n\t\t<\/section>\n\t\t\t\t<\/div>\n\t\t","protected":false},"excerpt":{"rendered":"<p>\u00a0 Free Therapy Spendenaufruf Szuwart Psychotherapie IBAN: DE76 5005 0201 1200 3724 15 BIC: HELADEF1822 Frankfurter Sparkasse Leider gibt es viel zu wenige Psychotherapiepl\u00e4tze. Seit Jahren orientieren sich immer mehr Therapien ausschlie\u00dflich am klinischen Ansatz. Sie behandeln nur noch St\u00f6rungen und Symptome. Der Mensch tritt dabei v\u00f6llig in den Hintergrund. Die M\u00f6glichkeiten zur Pers\u00f6nlichkeitsentwicklung oder [&hellip;]<\/p>\n","protected":false},"author":1,"featured_media":0,"parent":0,"menu_order":0,"comment_status":"closed","ping_status":"closed","template":"elementor_canvas","meta":{"footnotes":""},"class_list":["post-10","page","type-page","status-publish","hentry"],"_links":{"self":[{"href":"https:\/\/www.free-therapy.de\/en\/wp-json\/wp\/v2\/pages\/10","targetHints":{"allow":["GET"]}}],"collection":[{"href":"https:\/\/www.free-therapy.de\/en\/wp-json\/wp\/v2\/pages"}],"about":[{"href":"https:\/\/www.free-therapy.de\/en\/wp-json\/wp\/v2\/types\/page"}],"author":[{"embeddable":true,"href":"https:\/\/www.free-therapy.de\/en\/wp-json\/wp\/v2\/users\/1"}],"replies":[{"embeddable":true,"href":"https:\/\/www.free-therapy.de\/en\/wp-json\/wp\/v2\/comments?post=10"}],"version-history":[{"count":92,"href":"https:\/\/www.free-therapy.de\/en\/wp-json\/wp\/v2\/pages\/10\/revisions"}],"predecessor-version":[{"id":152,"href":"https:\/\/www.free-therapy.de\/en\/wp-json\/wp\/v2\/pages\/10\/revisions\/152"}],"wp:attachment":[{"href":"https:\/\/www.free-therapy.de\/en\/wp-json\/wp\/v2\/media?parent=10"}],"curies":[{"name":"wp","href":"https:\/\/api.w.org\/{rel}","templated":true}]}}